{"id":337,"date":"2019-10-05T19:59:05","date_gmt":"2019-10-05T17:59:05","guid":{"rendered":"http:\/\/www.ordineavvocaticampobasso.it\/?page_id=337"},"modified":"2025-12-08T19:55:45","modified_gmt":"2025-12-08T18:55:45","slug":"privacypolicy","status":"publish","type":"page","link":"https:\/\/www.ordineavvocaticampobasso.it\/?page_id=337","title":{"rendered":"Privacy Policy"},"content":{"rendered":"<p style=\"text-align: center;\"><strong>PRIVACY POLICY <\/strong><\/p>\n<p style=\"text-align: center;\"><strong>\u00a0<\/strong><\/p>\n<p style=\"text-align: center;\"><strong>INFORMATIVA SUL TRATTAMENTO DEI DATI PERSONALI AI SENSI DEL REGOLAMENTO (UE) 2016\/679 DEL PARLAMENTO EUROPEO E DEL CONSIGLIO <\/strong><\/p>\n<p><strong>\u00a0<\/strong><\/p>\n<p>Ai sensi dell\u2019art. 13 del Regolamento UE n. 2016\/679 (\u201cGeneral Data Protection Regulation\u201d o \u201cGDPR\u201d) l\u2019Ordine degli Avvocati di Campobasso rende noto a coloro (\u201cutenti\u201d o \u201cinteressati\u201d) che accedono al sito istituzionale a partire dall\u2019indirizzo <a href=\"http:\/\/www.ordineavvocaticampobasso.it\/\">http:\/\/www.ordineavvocaticampobasso.it\/<\/a> e che utilizzano i servizi disponibili in via telematica sul sito istituzionale, le seguenti informazioni. La presente informativa \u00e8 resa esclusivamente in relazione al sito dell\u2019Ordine degli Avvocati di Campobasso e non anche in relazione ad altri siti web che possono essere consultati dall\u2019utente tramite link riportati o accessibili nel portale medesimo.<\/p>\n<p><strong><u>TITOLARE DEL TRATTAMENTO<\/u><\/strong><\/p>\n<p>Il Titolare del trattamento \u00e8: Il titolare del trattamento \u00e8 l\u2019Ordine degli Avvocati di Campobasso con sede in P.zza Vittorio Emanuele II, 86100, Campobasso (CB) \u2013 tel. 0874.927.74 \u2013 fax 0874.438.605 \u2013 mail:\u00a0<a href=\"mailto:segreteria@ordineavvocaticampobasso.it\">segreteria@ordineavvocaticampobasso.it<\/a> ; pec:\u00a0<a href=\"mailto:ord.campobasso@cert.legalmail.it\">ord.campobasso@cert.legalmail.it<\/a> di seguito anche il \u201cTitolare del trattamento\u201d o \u201cTitolare\u201d.<\/p>\n<p>Il Titolare del trattamento con delibera del 04\/06\/2021 ha nominato come Responsabile della Protezione dei Dati personali (\u201cD.P.O.\u201d) il Dott. Gian Marco Iulietto (email: gmiulietto@gmail.com).<\/p>\n<p><strong><u>CATEGORIE DI DATI PERSONALI TRATTATI <\/u><\/strong><\/p>\n<p>Il Titolare pu\u00f2 trattare le seguenti categorie di dati appartenenti agli utenti:<\/p>\n<p><strong>Dati personali:<\/strong> qualsiasi informazione identificata o identificabile, anche indirettamente, <strong><u>relativa a un individuo<\/u><\/strong>, compreso un numero di identificazione personale, dati identificativi generali o dati personali che consentono l&#8217;identificazione diretta (ad esempio nome, numero di partita IVA, indirizzo, indirizzo e-mail, numero di telefono, ecc.) &#8211; vedi art. 4, par. 1, n. 1 GDPR.<\/p>\n<p><strong>Dati di navigazione: <\/strong>i sistemi informatici e le procedure software preposte al funzionamento di questo sito web acquisiscono, nel corso del loro normale esercizio, alcuni dati personali la cui trasmissione \u00e8 implicita nell\u2019uso dei protocolli di comunicazione internet. Si tratta di informazioni che non sono raccolte per essere associate a interessati identificati, ma che per loro stessa natura potrebbero, attraverso elaborazioni ed associazioni con dati detenuti da terzi, permettere di identificare gli utenti. In questa categoria rientrano gli indirizzi IP o i nomi a dominio dei computer utilizzati \u00a0che si connettono al sito, gli indirizzi URI \/ URL (Uniform Resource Identifier \/ Uniform Resource Locator) delle risorse richieste, l\u2019orario della richiesta, il metodo utilizzato nel sottoporre la richiesta al server, la dimensione del file ottenuto in risposta, il codice numerico indicante lo stato della risposta data dal server (buon fine, errore, etc.) ed altri parametri relativi al sistema operativo e all\u2019ambiente informatico dell\u2019utente. Questi dati vengono utilizzati dal titolare al solo fine di ricavare informazioni statistiche anonime sull\u2019uso del sito (pagine pi\u00f9 visitate, numero di visitatori giornalieri, aree geografiche di provenienza, etc.) e per controllarne il corretto funzionamento, e vengono eliminati immediatamente dopo l\u2019elaborazione.<\/p>\n<p><strong>Registri di sistema:<\/strong> per esigenze di funzionamento e di manutenzione, questa piattaforma e qualsiasi servizio di terze parti possono raccogliere registri di sistema; questi ultimi corrispondono a file che registrano interazioni tra sistemi informatici &#8211; compresi i dati di navigazione &#8211; e che possono anche contenere dati personali, come l&#8217;indirizzo IP.<\/p>\n<p>per <strong>&#8220;trattamento<\/strong><em>&#8220;<\/em> si intende qualsiasi operazione o serie di operazioni eseguite su dati personali o su insiemi di dati personali, anche con mezzi automatizzati, come la raccolta, la registrazione, l&#8217;organizzazione, la strutturazione, l&#8217;immagazzinamento, l&#8217;adattamento o l&#8217;alterazione, il recupero, la consultazione, l&#8217;uso, la divulgazione per trasmissione, la diffusione o altrimenti mettere a disposizione, l\u2019allineamento o la combinazione, la restrizione, la cancellazione o la distruzione;<\/p>\n<p>per <strong>&#8220;interessato&#8221;<\/strong> si intende una persona naturale identificata o identificabile (di seguito anche \u201ctu\u201d).<\/p>\n<p><strong><u>\u00a0<\/u><\/strong><\/p>\n<p><strong><u>FINALIT\u00c0 DEL TRATTAMENTO <\/u><\/strong><\/p>\n<p>I dati personali acquisiti mediante il sito saranno trattati dal Titolare, senza il consenso dell\u2019interessato, ai sensi dell\u2019art. 6 lett. b) ed e) del GDPR, per gestire e mantenere il sito, per consentire la fruizione dei servizi e il soddisfacimento delle richieste degli utenti, per consentire un\u2019efficace comunicazione istituzionale, per adempiere agli obblighi previsti dalla legge, da un regolamento, dalla normativa comunitaria o da un ordine dell\u2019Autorit\u00e0 o comunque connessi alle attivit\u00e0 e funzioni istituzionali, o infine per prevenire o scoprire attivit\u00e0 fraudolente o abusi a danno del Titolare attraverso il sito.<\/p>\n<p><strong><u>LUOGO E MODALIT\u00c0 DEL TRATTAMENTO.<\/u><\/strong><\/p>\n<p>Il trattamento dei dati acquisiti mediante il sito e\/o connessi ai servizi del sito si svolge presso gli uffici del Titolare ed eventualmente presso altri soggetti o sistemi informatici\/server di altri soggetti appositamente designati come Responsabili (esterni) del trattamento. Il trattamento dei dati avviene sia in via cartacea sia mediante l\u2019utilizzo di strumenti informatici, secondo i principi di correttezza, liceit\u00e0, trasparenza, pertinenza e non eccedenza rispetto alle finalit\u00e0 di raccolta e di successivo trattamento e previa adozione le misure di sicurezza adeguate volte a prevenire la perdita dei dati, gli usi illeciti o non corretti, gli accessi non autorizzati ed in generale volte ad assicurare il rispetto delle previsioni del GDPR e del D. Lgs. n. 193\/2006 e ss.mm. I dati sono trattati esclusivamente da personale, amministrativo e tecnico, autorizzato al trattamento o da eventuali persone autorizzate per occasionali operazioni di manutenzione.<\/p>\n<p><strong><u>\u00a0<\/u><\/strong><\/p>\n<p><strong><u>BASI GIURIDICHE DEL TRATTAMENTO<\/u><\/strong><\/p>\n<p>I dati personali di seguito indicati vengono trattati dal Titolare del trattamento, ai sensi dell&#8217;art. 6 lettere a), b), e c) GDPR 2016\/679, quando:<\/p>\n<ul>\n<li>l\u2019interessato ha prestato il consenso al trattamento dei propri dati personali per una o pi\u00f9 specifiche finalit\u00e0;<\/li>\n<li>il trattamento \u00e8 necessario per l&#8217;esecuzione di un contratto di cui l&#8217;interessato \u00e8 parte o all\u2019esecuzione di misure precontrattuali adottate su richiesta di quest\u2019ultimo;<\/li>\n<li>il trattamento \u00e8 necessario per adempiere ad un obbligo di legge cui \u00e8 soggetto il titolare del trattamento;<\/li>\n<\/ul>\n<p><strong><u>OBBLIGO O FACOLT\u00c0 DI CONFERIRE I DATI<\/u><\/strong><\/p>\n<p>L\u2019utente \u00e8 libero di fornire i dati personali inseriti nei format di richiesta. Il mancato conferimento dei dati necessari a rendere il servizio pu\u00f2 comportare l\u2019impossibilit\u00e0 di ottenere quanto richiesto.<\/p>\n<p><strong><u>\u00a0<\/u><\/strong><\/p>\n<p><strong><u>DESTINATARI DEI DATI<\/u><\/strong><\/p>\n<p>Ai sensi degli artt. 28 e 29 del Reg. UE 2016\/679, il vostri dati personali non saranno divulgati, ma potranno essere comunicati, ove necessario per l&#8217;erogazione di un servizio, a dipendenti e collaboratori del Titolare, in qualit\u00e0 di persone autorizzate e\/o amministratori di sistema, in Italia e all&#8217;estero &#8211; senza che ci\u00f2 comporti il trasferimento dei dati in paesi extra UE-, o a soggetti eventualmente nominati Responsabili del trattamento dal Titolare del trattamento per adempimenti tecnici o organizzativi. In particolare, i dati potranno essere comunicati a societ\u00e0 terze o ad altri soggetti che prestino attivit\u00e0 di assistenza e consulenza in qualit\u00e0 di Responsabili esterni del trattamento.<\/p>\n<p>L&#8217;elenco aggiornato dei Responsabili del trattamento pu\u00f2 essere sempre richiesto al Titolare del trattamento.<\/p>\n<p>Inoltre, i dati personali degli interessati potranno essere comunicati alle autorit\u00e0 competenti per l&#8217;esecuzione di leggi e\/o regolamenti di enti pubblici, su richiesta, o quando la comunicazione \u00e8 obbligatoria per legge.<\/p>\n<p><strong><u>\u00a0<\/u><\/strong><\/p>\n<p><strong><u>PERIODO DI CONSERVAZIONE DEI DATI <\/u><\/strong><\/p>\n<p>Il Titolare come sopra definito., nel rispetto dei principi di legalit\u00e0, limitazione dello scopo e minimizzazione dei dati, ai sensi dell&#8217;art. 5 del GDPR, conserva i dati per tutta la durata in cui perdura il consenso espresso dall\u2019interessato, per tutta la durata del contratto o per tutto il tempo in cui sia previsto per legge (es. per adempimenti fiscali e\/o contabili).<\/p>\n<p><strong><u>TRASFERIMENTO DEI DATI PERSONALI <\/u><\/strong><\/p>\n<p>I dati personali saranno trattati dal Titolare all&#8217;interno del territorio dell&#8217;Unione Europea.<\/p>\n<p><strong><u>DIRITTI DEGLI INTERESSATI<\/u><\/strong><\/p>\n<p>Ai sensi del GDPR, l\u2019interessato pu\u00f2 esercitare nei confronti del Titolare del trattamento alcuni diritti, quali quello di ottenere la cancellazione (diritto all&#8217;oblio), la limitazione, l&#8217;aggiornamento, la rettifica, la portabilit\u00e0, l&#8217;opposizione al Trattamento dei Suoi dati personali. Pi\u00f9 in dettaglio, l\u2019interessato potr\u00e0 esercitare i seguenti diritti previsti dagli articoli 15, 16, 17, 18, 19, 20, 21, 22 del GDPR:<\/p>\n<ul>\n<li>chiedere al titolare del trattamento, di avere accesso ai propri dati personali (articolo 15), ovvero la conferma dell&#8217;esistenza o meno di trattamenti di dati personali che lo riguardano e, in tal caso, di averne accesso;<\/li>\n<li>richiedere al titolare del trattamento, una rettifica (articolo 16) e\/o l&#8217;integrazione dei propri dati personali inesatti;<\/li>\n<li>chiedere al titolare del trattamento la cancellazione (art. 17), immediata, dei dati che lo riguardano;<\/li>\n<li>chiedere al titolare del trattamento di limitare il trattamento dei propri dati personali (art. 18), cio\u00e8 di ottenere l&#8217;attestazione che il trattamento dei Suoi dati si limiti a quanto necessario per la conservazione;<\/li>\n<li>di avere la portabilit\u00e0 dei dati (articolo 20) cio\u00e8 di ottenere, in forma strutturata, comune e leggibile, il trasferimento a terzi o a s\u00e9 stesso dei Suoi dati personali su un supporto di uso comune;<\/li>\n<li>di opporsi al trattamento (articolo 21) o, in ogni momento, di opporsi al trattamento dei propri dati per qualsiasi motivo connesso ad una particolare situazione;<\/li>\n<li>con riguardo ai processi decisionali automatizzati (articolo 22), il diritto di non essere sottoposto ad una decisione basata unicamente su un trattamento automatizzato dei dati, senza esplicito consenso.<\/li>\n<li>ottenere, nei casi previsti dal Regolamento (art. 17), la cancellazione dei propri dati personali;<\/li>\n<li>diritto di proporre reclamo presso l\u2019Autorit\u00e0 Garante (<a href=\"https:\/\/www.garanteprivacy.it\">https:\/\/www.garanteprivacy.it<\/a>), ai sensi dell\u2019art. 77 del GDPR, nel caso in cui l\u2019interessato ritenga che determinati trattamenti relativi ai propri dati personali vengano effettuati in violazione della normativa vigente.<\/li>\n<\/ul>\n<p>Inoltre, in qualsiasi momento, l\u2019interessato potr\u00e0 revocare il consenso su cui si basa il trattamento. La revoca del consenso non pregiudica la liceit\u00e0 del trattamento che ha avuto luogo in base al consenso prestato antecedentemente alla revoca.<\/p>\n<p><strong><u>\u00a0<\/u><\/strong><\/p>\n<p><strong><u>RICHIESTA DI MAGGIORI INFORMAZIONI SULL\u2019ESERCIZIO DEI DIRITTI DELL\u2019INTERESSATO<\/u><\/strong><\/p>\n<p>Qualsiasi richiesta di informazioni o chiarimenti in relazione all\u2019 esercizio dei propri diritti pu\u00f2 essere rivolta al Responsabile del trattamento, inviando:<\/p>\n<p>&#8211; una raccomandata a: Ordine degli Avvocati di Campobasso, P.zza Vittorio Emanuele II, 86100, Campobasso (CB)<\/p>\n<p>&#8211; una e-mail a: <a href=\"mailto:segreteria@ordineavvocaticampobasso.it\">segreteria@ordineavvocaticampobasso.it<\/a><\/p>\n<p><strong><u>MODIFICHE ALL\u2019INFORMATIVA<\/u><\/strong><\/p>\n<p>L\u2019eventuale entrata in vigore di nuove normative di settore, come anche il costante esame ed aggiornamento dei servizi all\u2019utente, potrebbe comportare la necessit\u00e0 di modificare le modalit\u00e0 e i termini descritti nella presente\u00a0Informativa. \u00c8 pertanto possibile che tale documento subisca modifiche nel tempo. La invitiamo, pertanto, a consultare periodicamente questa pagina. Pubblicheremo eventuali modifiche alla presente\u00a0Informativa\u00a0in questa pagina e, qualora le modifiche fossero rilevanti, provvederemo a segnalarle con una notifica pi\u00f9 visibile. Le versioni precedenti della presente\u00a0Informativa\u00a0saranno, in ogni caso, archiviate per consentirne la consultazione.<\/p>\n<p><strong><u>\u00a0<\/u><\/strong><\/p>\n","protected":false},"excerpt":{"rendered":"<p>PRIVACY POLICY \u00a0 INFORMATIVA SUL TRATTAMENTO DEI DATI PERSONALI AI SENSI DEL REGOLAMENTO (UE) 2016\/679 DEL PARLAMENTO EUROPEO E DEL CONSIGLIO \u00a0 Ai sensi dell\u2019art.<\/p>\n","protected":false},"author":1,"featured_media":0,"parent":0,"menu_order":0,"comment_status":"closed","ping_status":"closed","template":"","meta":{"_mc_calendar":[],"footnotes":""},"tags":[],"class_list":["post-337","page","type-page","status-publish","hentry"],"_links":{"self":[{"href":"https:\/\/www.ordineavvocaticampobasso.it\/index.php?rest_route=\/wp\/v2\/pages\/337","targetHints":{"allow":["GET"]}}],"collection":[{"href":"https:\/\/www.ordineavvocaticampobasso.it\/index.php?rest_route=\/wp\/v2\/pages"}],"about":[{"href":"https:\/\/www.ordineavvocaticampobasso.it\/index.php?rest_route=\/wp\/v2\/types\/page"}],"author":[{"embeddable":true,"href":"https:\/\/www.ordineavvocaticampobasso.it\/index.php?rest_route=\/wp\/v2\/users\/1"}],"replies":[{"embeddable":true,"href":"https:\/\/www.ordineavvocaticampobasso.it\/index.php?rest_route=%2Fwp%2Fv2%2Fcomments&post=337"}],"version-history":[{"count":5,"href":"https:\/\/www.ordineavvocaticampobasso.it\/index.php?rest_route=\/wp\/v2\/pages\/337\/revisions"}],"predecessor-version":[{"id":12830,"href":"https:\/\/www.ordineavvocaticampobasso.it\/index.php?rest_route=\/wp\/v2\/pages\/337\/revisions\/12830"}],"wp:attachment":[{"href":"https:\/\/www.ordineavvocaticampobasso.it\/index.php?rest_route=%2Fwp%2Fv2%2Fmedia&parent=337"}],"wp:term":[{"taxonomy":"post_tag","embeddable":true,"href":"https:\/\/www.ordineavvocaticampobasso.it\/index.php?rest_route=%2Fwp%2Fv2%2Ftags&post=337"}],"curies":[{"name":"wp","href":"https:\/\/api.w.org\/{rel}","templated":true}]}}